{"id":1587,"date":"2015-03-15T03:21:02","date_gmt":"2015-03-15T03:21:02","guid":{"rendered":"http:\/\/pibo.ca\/en\/?page_id=1587"},"modified":"2021-05-11T19:00:16","modified_gmt":"2021-05-11T23:00:16","slug":"canadian-migration-monitoring-network","status":"publish","type":"page","link":"https:\/\/pibo.ca\/en\/about-pibo\/canadian-migration-monitoring-network\/","title":{"rendered":"Canadian Migration Monitoring Network"},"content":{"rendered":"<p><a title=\"http:\/\/www.bsc-eoc.org\/volunteer\/cmmn\/index.jsp?lang=EN&amp;targetpg=index\" href=\"http:\/\/www.bsc-eoc.org\/volunteer\/cmmn\/index.jsp?lang=EN&amp;targetpg=index\" target=\"_blank\" rel=\"noopener\"><img decoding=\"async\" class=\"alignright size-full wp-image-1583\" title=\"Canadian Migration Monitoring Network (CMMN)\" src=\"http:\/\/pibo.ca\/en\/wp-content\/uploads\/2012\/08\/CMMN-image.png\" alt=\"Canadian Migration Monitoring Network (CMMN)\" width=\"239\" height=\"45\"><\/a>The Pelee Island Bird Observatory has been a proud member of the <a title=\"Canadian Migration Monitoring Network\" href=\"http:\/\/www.bsc-eoc.org\/volunteer\/cmmn\/index.jsp?lang=EN&amp;targetpg=index\" target=\"_blank\" rel=\"noopener\">Canadian Migration Monitoring Network<\/a> (CMMN) since 2005.&nbsp; &nbsp;Members of the CMMN track the migration of Canada&#8217;s birds in the spring and fall each year, adding to our knowledge of population trends, demographics, phenology, and other essential information about the species that pass through each location.&nbsp; This information is used by governments, environmental organizations, scientists and others to direct our collective actions and improve our ability to conserve Canada&#8217;s birds.&nbsp; &nbsp; Most CMMN members are small non-profit organizations that depend on large numbers of motivated volunteers.&nbsp; &nbsp;Your support is welcome and very much appreciated!<\/p>\n<p>L\u2019Observatoire d&#8217;oiseaux de l\u2019\u00cele Pelee est un fier membre du <a title=\"R\u00e9seau canadien de surveillance des migrations\" href=\"http:\/\/www.bsc-eoc.org\/volunteer\/cmmn\/index.jsp?lang=EN&amp;targetpg=index\" target=\"_blank\" rel=\"noopener\">R\u00e9seau canadien de surveillance des migrations<\/a> (RCSM) depuis 2005. Chaque ann\u00e9e, les membres du RCSM effectuent la surveillance de la migration printani\u00e8re ou automnale des oiseaux du Canada, contribuant aux connaissances sur les tendances des populations, la d\u00e9mographie, la ph\u00e9nologie et \u00e0 d&#8217;autres informations essentielles sur les esp\u00e8ces migratrices dans l&#8217;ensemble de leur voie migratoire. Ces connaissances sont utilis\u00e9es par les gouvernements, les organisations environnementales, les scientifiques et autres afin d&#8217;orienter nos actions communes et d&#8217;am\u00e9liorer notre capacit\u00e9 \u00e0 conserver les oiseaux au Canada. La plupart des membres du RCSM sont de petites organisations sans but lucratif qui d\u00e9pendent d&#8217;un grand nombre de b\u00e9n\u00e9voles d\u00e9vou\u00e9s. Votre soutien est le bienvenu et tr\u00e8s appr\u00e9ci\u00e9!<\/p>\n\n\n<div style=\"height:100px\" aria-hidden=\"true\" class=\"wp-block-spacer\"><\/div>\n","protected":false},"excerpt":{"rendered":"<p>The Pelee Island Bird Observatory has been a proud member of the Canadian Migration Monitoring Network (CMMN) since 2005.&nbsp; &nbsp;Members of the CMMN track the migration of Canada&#8217;s birds in the spring and fall each year, adding to our knowledge of population trends, demographics, phenology, and other essential information about the species that pass through [&hellip;]<\/p>\n","protected":false},"author":1,"featured_media":0,"parent":8,"menu_order":0,"comment_status":"closed","ping_status":"closed","template":"","meta":{"_seopress_robots_primary_cat":"","_seopress_titles_title":"","_seopress_titles_desc":"","_seopress_robots_index":"","site-sidebar-layout":"default","site-content-layout":"default","ast-site-content-layout":"default","site-content-style":"default","site-sidebar-style":"default","ast-global-header-display":"","ast-banner-title-visibility":"","ast-main-header-display":"","ast-hfb-above-header-display":"","ast-hfb-below-header-display":"","ast-hfb-mobile-header-display":"","site-post-title":"","ast-breadcrumbs-content":"","ast-featured-img":"","footer-sml-layout":"","ast-disable-related-posts":"","theme-transparent-header-meta":"default","adv-header-id-meta":"","stick-header-meta":"","header-above-stick-meta":"","header-main-stick-meta":"","header-below-stick-meta":"","astra-migrate-meta-layouts":"default","ast-page-background-enabled":"default","ast-page-background-meta":{"desktop":{"background-color":"","background-image":"","background-repeat":"repeat","background-position":"center center","background-size":"auto","background-attachment":"scroll","background-type":"","background-media":"","overlay-type":"","overlay-color":"","overlay-opacity":"","overlay-gradient":""},"tablet":{"background-color":"","background-image":"","background-repeat":"repeat","background-position":"center center","background-size":"auto","background-attachment":"scroll","background-type":"","background-media":"","overlay-type":"","overlay-color":"","overlay-opacity":"","overlay-gradient":""},"mobile":{"background-color":"","background-image":"","background-repeat":"repeat","background-position":"center center","background-size":"auto","background-attachment":"scroll","background-type":"","background-media":"","overlay-type":"","overlay-color":"","overlay-opacity":"","overlay-gradient":""}},"ast-content-background-meta":{"desktop":{"background-color":"var(--ast-global-color-5)","background-image":"","background-repeat":"repeat","background-position":"center center","background-size":"auto","background-attachment":"scroll","background-type":"","background-media":"","overlay-type":"","overlay-color":"","overlay-opacity":"","overlay-gradient":""},"tablet":{"background-color":"var(--ast-global-color-5)","background-image":"","background-repeat":"repeat","background-position":"center center","background-size":"auto","background-attachment":"scroll","background-type":"","background-media":"","overlay-type":"","overlay-color":"","overlay-opacity":"","overlay-gradient":""},"mobile":{"background-color":"var(--ast-global-color-5)","background-image":"","background-repeat":"repeat","background-position":"center center","background-size":"auto","background-attachment":"scroll","background-type":"","background-media":"","overlay-type":"","overlay-color":"","overlay-opacity":"","overlay-gradient":""}},"footnotes":""},"class_list":["post-1587","page","type-page","status-publish","hentry"],"_links":{"self":[{"href":"https:\/\/pibo.ca\/en\/wp-json\/wp\/v2\/pages\/1587","targetHints":{"allow":["GET"]}}],"collection":[{"href":"https:\/\/pibo.ca\/en\/wp-json\/wp\/v2\/pages"}],"about":[{"href":"https:\/\/pibo.ca\/en\/wp-json\/wp\/v2\/types\/page"}],"author":[{"embeddable":true,"href":"https:\/\/pibo.ca\/en\/wp-json\/wp\/v2\/users\/1"}],"replies":[{"embeddable":true,"href":"https:\/\/pibo.ca\/en\/wp-json\/wp\/v2\/comments?post=1587"}],"version-history":[{"count":5,"href":"https:\/\/pibo.ca\/en\/wp-json\/wp\/v2\/pages\/1587\/revisions"}],"predecessor-version":[{"id":24021,"href":"https:\/\/pibo.ca\/en\/wp-json\/wp\/v2\/pages\/1587\/revisions\/24021"}],"up":[{"embeddable":true,"href":"https:\/\/pibo.ca\/en\/wp-json\/wp\/v2\/pages\/8"}],"wp:attachment":[{"href":"https:\/\/pibo.ca\/en\/wp-json\/wp\/v2\/media?parent=1587"}],"curies":[{"name":"wp","href":"https:\/\/api.w.org\/{rel}","templated":true}]}}